{"id":642,"date":"2025-07-25T11:39:55","date_gmt":"2025-07-25T08:39:55","guid":{"rendered":"https:\/\/www.iea-automotive.com\/?page_id=642"},"modified":"2025-07-29T15:22:01","modified_gmt":"2025-07-29T12:22:01","slug":"bieacon-modulu","status":"publish","type":"page","link":"https:\/\/www.iea-automotive.com\/en\/bieacon-modulu\/","title":{"rendered":"Keyless Mod\u00fcl\u00fc Uygulama Alanlar\u0131"},"content":{"rendered":"<p>&nbsp;<\/p>\n<h1 style=\"text-align: center;\"><span style=\"font-size: 24px;\">bIEAcon Mod\u00fcl\u00fc Uygulama Alanlar\u0131<\/span><\/h1>\n<p>&nbsp;<\/p>\n<p><a href=\"https:\/\/www.iea-automotive.com\/en\/keyless-motorsiklet-uygulamasi\/\"><img loading=\"lazy\" decoding=\"async\" class=\"alignleft wp-image-784 size-medium\" src=\"https:\/\/www.iea-automotive.com\/wp-content\/uploads\/2025\/07\/keyless-motorsiklet-300x266.png\" alt=\"\" width=\"260\" height=\"231\" srcset=\"https:\/\/www.iea-automotive.com\/wp-content\/uploads\/2025\/07\/keyless-motorsiklet-300x266.png 300w, https:\/\/www.iea-automotive.com\/wp-content\/uploads\/2025\/07\/keyless-motorsiklet-14x12.png 14w, https:\/\/www.iea-automotive.com\/wp-content\/uploads\/2025\/07\/keyless-motorsiklet.png 380w\" sizes=\"auto, (max-width: 260px) 100vw, 260px\" \/><\/a><a href=\"https:\/\/www.iea-automotive.com\/en\/keyless-kepenk-uygulamasi\/\"><img loading=\"lazy\" decoding=\"async\" class=\"alignleft wp-image-789 size-medium\" src=\"https:\/\/www.iea-automotive.com\/wp-content\/uploads\/2025\/07\/keyless-kepenk2-300x266.png\" alt=\"\" width=\"260\" height=\"231\" srcset=\"https:\/\/www.iea-automotive.com\/wp-content\/uploads\/2025\/07\/keyless-kepenk2-300x266.png 300w, https:\/\/www.iea-automotive.com\/wp-content\/uploads\/2025\/07\/keyless-kepenk2-14x12.png 14w, https:\/\/www.iea-automotive.com\/wp-content\/uploads\/2025\/07\/keyless-kepenk2.png 380w\" sizes=\"auto, (max-width: 260px) 100vw, 260px\" \/><\/a><a href=\"https:\/\/www.iea-automotive.com\/en\/keyless-aydinlatma-uygulamasi\/\"><img loading=\"lazy\" decoding=\"async\" class=\"alignleft wp-image-782 size-medium\" src=\"https:\/\/www.iea-automotive.com\/wp-content\/uploads\/2025\/07\/keyless-aydinlatma-300x266.png\" alt=\"\" width=\"260\" height=\"231\" srcset=\"https:\/\/www.iea-automotive.com\/wp-content\/uploads\/2025\/07\/keyless-aydinlatma-300x266.png 300w, https:\/\/www.iea-automotive.com\/wp-content\/uploads\/2025\/07\/keyless-aydinlatma-14x12.png 14w, https:\/\/www.iea-automotive.com\/wp-content\/uploads\/2025\/07\/keyless-aydinlatma.png 380w\" sizes=\"auto, (max-width: 260px) 100vw, 260px\" \/><\/a><a href=\"https:\/\/www.iea-automotive.com\/en\/keyless-turnike-uygulamasi\/\"><img loading=\"lazy\" decoding=\"async\" class=\"alignleft wp-image-785 size-medium\" src=\"https:\/\/www.iea-automotive.com\/wp-content\/uploads\/2025\/07\/keyless-turnike-300x266.png\" alt=\"\" width=\"260\" height=\"231\" srcset=\"https:\/\/www.iea-automotive.com\/wp-content\/uploads\/2025\/07\/keyless-turnike-300x266.png 300w, https:\/\/www.iea-automotive.com\/wp-content\/uploads\/2025\/07\/keyless-turnike-14x12.png 14w, https:\/\/www.iea-automotive.com\/wp-content\/uploads\/2025\/07\/keyless-turnike.png 380w\" sizes=\"auto, (max-width: 260px) 100vw, 260px\" \/><\/a><\/p>\n<p>&nbsp;<\/p>\n<p>&nbsp;<\/p>\n<p>&nbsp;<\/p>\n<p>&nbsp;<\/p>\n<p>&nbsp;<\/p>\n<p>&nbsp;<\/p>\n<p><img loading=\"lazy\" decoding=\"async\" class=\"wp-image-782 size-medium alignleft\" src=\"https:\/\/www.iea-automotive.com\/wp-content\/uploads\/2025\/07\/bos-300x266.png\" alt=\"\" width=\"260\" height=\"231\" \/><\/p>\n<p><a href=\"https:\/\/www.iea-automotive.com\/en\/elektronik-kilit-uygulamasi\/\"><img loading=\"lazy\" decoding=\"async\" class=\"alignleft wp-image-786 size-medium\" src=\"https:\/\/www.iea-automotive.com\/wp-content\/uploads\/2025\/07\/kilit-uygulamasi-300x266.png\" alt=\"\" width=\"260\" height=\"231\" srcset=\"https:\/\/www.iea-automotive.com\/wp-content\/uploads\/2025\/07\/kilit-uygulamasi-300x266.png 300w, https:\/\/www.iea-automotive.com\/wp-content\/uploads\/2025\/07\/kilit-uygulamasi-14x12.png 14w, https:\/\/www.iea-automotive.com\/wp-content\/uploads\/2025\/07\/kilit-uygulamasi.png 380w\" sizes=\"auto, (max-width: 260px) 100vw, 260px\" \/><\/a><a href=\"https:\/\/www.iea-automotive.com\/en\/bahce-site-kapisi-uygulamasi\/\"><img loading=\"lazy\" decoding=\"async\" class=\"alignleft wp-image-787 size-medium\" src=\"https:\/\/www.iea-automotive.com\/wp-content\/uploads\/2025\/07\/site-kapisi-300x266.png\" alt=\"\" width=\"260\" height=\"231\" srcset=\"https:\/\/www.iea-automotive.com\/wp-content\/uploads\/2025\/07\/site-kapisi-300x266.png 300w, https:\/\/www.iea-automotive.com\/wp-content\/uploads\/2025\/07\/site-kapisi-14x12.png 14w, https:\/\/www.iea-automotive.com\/wp-content\/uploads\/2025\/07\/site-kapisi.png 380w\" sizes=\"auto, (max-width: 260px) 100vw, 260px\" \/><\/a><br \/>\n<img loading=\"lazy\" decoding=\"async\" class=\"wp-image-782 size-medium alignleft\" src=\"https:\/\/www.iea-automotive.com\/wp-content\/uploads\/2025\/07\/bos-300x266.png\" alt=\"\" width=\"260\" height=\"231\" \/><\/p>\n<p>&nbsp;<\/p>\n<p>&nbsp;<\/p>\n<p>&nbsp;<\/p>\n<p>&nbsp;<\/p>\n<p>&nbsp;<\/p>","protected":false},"excerpt":{"rendered":"<p>&nbsp; bIEAcon Mod\u00fcl\u00fc Uygulama Alanlar\u0131 &nbsp; &nbsp; &nbsp; &nbsp; &nbsp; &nbsp; &nbsp; &nbsp; &nbsp; &nbsp; &nbsp; &nbsp;<\/p>","protected":false},"author":1,"featured_media":0,"parent":0,"menu_order":0,"comment_status":"closed","ping_status":"closed","template":"","meta":{"footnotes":""},"class_list":["post-642","page","type-page","status-publish","hentry"],"_links":{"self":[{"href":"https:\/\/www.iea-automotive.com\/en\/wp-json\/wp\/v2\/pages\/642","targetHints":{"allow":["GET"]}}],"collection":[{"href":"https:\/\/www.iea-automotive.com\/en\/wp-json\/wp\/v2\/pages"}],"about":[{"href":"https:\/\/www.iea-automotive.com\/en\/wp-json\/wp\/v2\/types\/page"}],"author":[{"embeddable":true,"href":"https:\/\/www.iea-automotive.com\/en\/wp-json\/wp\/v2\/users\/1"}],"replies":[{"embeddable":true,"href":"https:\/\/www.iea-automotive.com\/en\/wp-json\/wp\/v2\/comments?post=642"}],"version-history":[{"count":127,"href":"https:\/\/www.iea-automotive.com\/en\/wp-json\/wp\/v2\/pages\/642\/revisions"}],"predecessor-version":[{"id":847,"href":"https:\/\/www.iea-automotive.com\/en\/wp-json\/wp\/v2\/pages\/642\/revisions\/847"}],"wp:attachment":[{"href":"https:\/\/www.iea-automotive.com\/en\/wp-json\/wp\/v2\/media?parent=642"}],"curies":[{"name":"wp","href":"https:\/\/api.w.org\/{rel}","templated":true}]}}